{"id":16,"date":"2025-08-20T14:18:59","date_gmt":"2025-08-20T12:18:59","guid":{"rendered":"http:\/\/nas-ckl.local:8081\/?page_id=16"},"modified":"2025-12-10T15:36:54","modified_gmt":"2025-12-10T13:36:54","slug":"genealogie","status":"publish","type":"page","link":"https:\/\/wordpress.ckl67.fr\/index.php\/genealogie\/","title":{"rendered":"G\u00e9n\u00e9alogie"},"content":{"rendered":"\n<div class=\"wp-block-columns is-layout-flex wp-container-core-columns-is-layout-9d6595d7 wp-block-columns-is-layout-flex\">\n<div class=\"wp-block-column is-layout-flow wp-block-column-is-layout-flow\">\n<p class=\"has-text-align-center\"><strong>Acc\u00e8s site<\/strong> : <a href=\"https:\/\/webtrees.ckl67.fr\/tree\/klugesherz\">G\u00e9n\u00e9alogie familiale<\/a><\/p>\n\n\n<div class=\"wp-block-image\">\n<figure class=\"aligncenter size-full is-resized\"><a href=\"https:\/\/webtrees.ckl67.fr\/tree\/klugesherz\"><img loading=\"lazy\" decoding=\"async\" width=\"1539\" height=\"747\" src=\"https:\/\/wordpress.ckl67.fr\/wp-content\/uploads\/2025\/11\/Basics_Tree2.jpg\" alt=\"\" class=\"wp-image-1074\" style=\"width:auto;height:200px\" srcset=\"https:\/\/wordpress.ckl67.fr\/wp-content\/uploads\/2025\/11\/Basics_Tree2.jpg 1539w, https:\/\/wordpress.ckl67.fr\/wp-content\/uploads\/2025\/11\/Basics_Tree2-300x146.jpg 300w, https:\/\/wordpress.ckl67.fr\/wp-content\/uploads\/2025\/11\/Basics_Tree2-1024x497.jpg 1024w, https:\/\/wordpress.ckl67.fr\/wp-content\/uploads\/2025\/11\/Basics_Tree2-768x373.jpg 768w, https:\/\/wordpress.ckl67.fr\/wp-content\/uploads\/2025\/11\/Basics_Tree2-1536x746.jpg 1536w, https:\/\/wordpress.ckl67.fr\/wp-content\/uploads\/2025\/11\/Basics_Tree2-1300x631.jpg 1300w\" sizes=\"auto, (max-width: 1539px) 100vw, 1539px\" \/><\/a><\/figure>\n<\/div>\n\n\n<p class=\"has-text-align-center\"><em>Le site Internet<\/em><\/p>\n<\/div>\n\n\n\n<div class=\"wp-block-column is-layout-flow wp-block-column-is-layout-flow\">\n<p class=\"has-text-align-center\">Arbre G\u00e9n\u00e9alogique : <a href=\"https:\/\/wordpress.ckl67.fr\/index.php\/2025\/11\/09\/arbre-genealogique-les-basiques\/\" data-type=\"post\" data-id=\"1055\">R\u00e8gles basiques<\/a> <\/p>\n\n\n<div class=\"wp-block-image\">\n<figure class=\"aligncenter size-full is-resized\"><a href=\"https:\/\/wordpress.ckl67.fr\/index.php\/2025\/11\/09\/arbre-genealogique-les-basiques\/\"><img loading=\"lazy\" decoding=\"async\" width=\"840\" height=\"833\" src=\"https:\/\/wordpress.ckl67.fr\/wp-content\/uploads\/2025\/11\/Basics1.jpg\" alt=\"\" class=\"wp-image-1087\" style=\"width:auto;height:200px\" srcset=\"https:\/\/wordpress.ckl67.fr\/wp-content\/uploads\/2025\/11\/Basics1.jpg 840w, https:\/\/wordpress.ckl67.fr\/wp-content\/uploads\/2025\/11\/Basics1-300x298.jpg 300w, https:\/\/wordpress.ckl67.fr\/wp-content\/uploads\/2025\/11\/Basics1-150x150.jpg 150w, https:\/\/wordpress.ckl67.fr\/wp-content\/uploads\/2025\/11\/Basics1-768x762.jpg 768w\" sizes=\"auto, (max-width: 840px) 100vw, 840px\" \/><\/a><\/figure>\n<\/div>\n\n\n<p class=\"has-text-align-center\"><em>D\u00e9buter par cette section <\/em><\/p>\n<\/div>\n<\/div>\n\n\n\n<div class=\"wp-block-columns is-layout-flex wp-container-core-columns-is-layout-9d6595d7 wp-block-columns-is-layout-flex\">\n<div class=\"wp-block-column is-layout-flow wp-block-column-is-layout-flow\">\n<p class=\"has-text-align-center\"><a href=\"https:\/\/wordpress.ckl67.fr\/index.php\/2025\/12\/10\/notions-historiques\/\" data-type=\"post\" data-id=\"1106\">Notions Historiques<\/a><\/p>\n\n\n<div class=\"wp-block-image\">\n<figure class=\"aligncenter size-full is-resized\"><a href=\"https:\/\/wordpress.ckl67.fr\/index.php\/2025\/12\/10\/notions-historiques\/\"><img loading=\"lazy\" decoding=\"async\" width=\"470\" height=\"476\" src=\"https:\/\/wordpress.ckl67.fr\/wp-content\/uploads\/2025\/12\/Frise-Historique-France.jpg\" alt=\"\" class=\"wp-image-1104\" style=\"object-fit:cover;width:206px;height:200px\" srcset=\"https:\/\/wordpress.ckl67.fr\/wp-content\/uploads\/2025\/12\/Frise-Historique-France.jpg 470w, https:\/\/wordpress.ckl67.fr\/wp-content\/uploads\/2025\/12\/Frise-Historique-France-296x300.jpg 296w\" sizes=\"auto, (max-width: 470px) 100vw, 470px\" \/><\/a><\/figure>\n<\/div>\n\n\n<p class=\"has-text-align-center\"><em>Donne les rep\u00e8res historique les importants<\/em><\/p>\n<\/div>\n\n\n\n<div class=\"wp-block-column is-layout-flow wp-block-column-is-layout-flow\">\n<p class=\"has-text-align-center\">Arbre G\u00e9n\u00e9alogique <a href=\"https:\/\/wordpress.ckl67.fr\/index.php\/2020\/07\/08\/webtrees-arbre-familial\/\" data-type=\"post\" data-id=\"844\">R\u00e8gles d\u00e9taill\u00e9es<\/a><\/p>\n\n\n<div class=\"wp-block-image\">\n<figure class=\"aligncenter size-full is-resized\"><a href=\"https:\/\/wordpress.ckl67.fr\/index.php\/2020\/07\/08\/webtrees-arbre-familial\/\"><img loading=\"lazy\" decoding=\"async\" width=\"619\" height=\"411\" src=\"https:\/\/wordpress.ckl67.fr\/wp-content\/uploads\/2020\/08\/webtrees-Source_002.png\" alt=\"\" class=\"wp-image-896\" style=\"object-fit:cover;width:206px;height:200px\" srcset=\"https:\/\/wordpress.ckl67.fr\/wp-content\/uploads\/2020\/08\/webtrees-Source_002.png 619w, https:\/\/wordpress.ckl67.fr\/wp-content\/uploads\/2020\/08\/webtrees-Source_002-300x199.png 300w\" sizes=\"auto, (max-width: 619px) 100vw, 619px\" \/><\/a><\/figure>\n<\/div>\n\n\n<p class=\"has-text-align-center\"><em>A consulter pour commencer \u00e0 faire de la G\u00e9n\u00e9alogie <\/em><\/p>\n<\/div>\n<\/div>\n","protected":false},"excerpt":{"rendered":"<p>Acc\u00e8s site : G\u00e9n\u00e9alogie familiale Le site Internet Arbre G\u00e9n\u00e9alogique : R\u00e8gles basiques D\u00e9buter par cette section Notions Historiques Donne&hellip;<\/p>\n","protected":false},"author":1,"featured_media":0,"parent":0,"menu_order":0,"comment_status":"closed","ping_status":"closed","template":"","meta":{"footnotes":""},"class_list":["post-16","page","type-page","status-publish","hentry"],"_links":{"self":[{"href":"https:\/\/wordpress.ckl67.fr\/index.php\/wp-json\/wp\/v2\/pages\/16","targetHints":{"allow":["GET"]}}],"collection":[{"href":"https:\/\/wordpress.ckl67.fr\/index.php\/wp-json\/wp\/v2\/pages"}],"about":[{"href":"https:\/\/wordpress.ckl67.fr\/index.php\/wp-json\/wp\/v2\/types\/page"}],"author":[{"embeddable":true,"href":"https:\/\/wordpress.ckl67.fr\/index.php\/wp-json\/wp\/v2\/users\/1"}],"replies":[{"embeddable":true,"href":"https:\/\/wordpress.ckl67.fr\/index.php\/wp-json\/wp\/v2\/comments?post=16"}],"version-history":[{"count":20,"href":"https:\/\/wordpress.ckl67.fr\/index.php\/wp-json\/wp\/v2\/pages\/16\/revisions"}],"predecessor-version":[{"id":1110,"href":"https:\/\/wordpress.ckl67.fr\/index.php\/wp-json\/wp\/v2\/pages\/16\/revisions\/1110"}],"wp:attachment":[{"href":"https:\/\/wordpress.ckl67.fr\/index.php\/wp-json\/wp\/v2\/media?parent=16"}],"curies":[{"name":"wp","href":"https:\/\/api.w.org\/{rel}","templated":true}]}}